{"id":67,"date":"2011-04-07T15:46:01","date_gmt":"2011-04-07T13:46:01","guid":{"rendered":"http:\/\/s8pmc.wordpress.com\/?page_id=67"},"modified":"2014-01-08T16:01:19","modified_gmt":"2014-01-08T14:01:19","slug":"join-pmc","status":"publish","type":"page","link":"https:\/\/s8pmc.lt\/Lt\/join-pmc\/","title":{"rendered":"Prisijunkite prie m\u016bs\u0173!"},"content":{"rendered":"<p><\/p>\n<p style=\"text-align: left;\"><a href=\"http:\/\/s8pmc.lt\/wp-content\/uploads\/2011\/04\/S8-Join-PMC.png\" rel=\"shadowbox[sbpost-67];player=img;\"><img loading=\"lazy\" decoding=\"async\" class=\"aligncenter size-medium wp-image-6111\" title=\"S8 Join PMC\" alt=\"S8 Join PMC\" src=\"http:\/\/s8pmc.lt\/wp-content\/uploads\/2011\/04\/S8-Join-PMC-520x260.png\" width=\"400\" height=\"200\" \/><\/a><\/p>\n<p style=\"text-align: justify;\"><strong>! D\u0116MESIO !<br \/>\n<\/strong>Airsoft Team SECTION 8 Private Military Company &#8211; spar\u010diai auganti ir perspektyvi\u00a0komanda ple\u010diasi. Ie\u0161kome iniciatyvi\u0173, atsaking\u0173 ir subrendusi\u0173 operatyvinink\u0173\/atstov\u0173 visoje Lietuvoje ir u\u017esienyje. Grup\u0117s taip pat raginamos prisijungti! Pirmenyb\u0117 teikiama kandidatams su patirtimi!<\/p>\n<p style=\"text-align: justify;\"><strong>Reikalavimai kandidatams:<\/strong><br \/>\n&#8211; Realyb\u0117je analogus turinti, legalioje rinkoje galima \u012fsigyti ginkluot\u0117;<br \/>\n&#8211; Visi kandidat\u0173 ginklai turi atitikti LSB keliamus &#8220;tiuningo&#8221; reikalavimus;<br \/>\n&#8211; Visiems kandidatams keliamas bendras reikalavimas, tur\u0117ti kompanijos nustatyt\u0105 piln\u0105 ir tvarking\u0105 ekipuot\u0119.<\/p>\n<p style=\"text-align: justify;\"><strong>Kompanija Jums si\u016blo:<\/strong><br \/>\n&#8211; Centralizuotos ir periodin\u0117s treniruo\u010di\u0173 stovyklos Lietuvos kurorte Palangoje;<br \/>\n&#8211; Idealus PMC poligonas;<br \/>\n&#8211; Profesional\u016bs instruktoriai;<br \/>\n&#8211; Efektyvi vidaus funkcin\u0117 strukt\u016bra;<br \/>\n&#8211; Bendros operacijos Lietuvoje ir u\u017esienyje;<br \/>\n&#8211; Profesional\u016bs kolegos;<br \/>\n&#8211; Gerai praleistas laikas;<br \/>\n&#8211; Nei\u0161dildomi \u012fsp\u016bd\u017eiai ir patirtis visam gyvenimui.<\/p>\n<p style=\"text-align: justify;\"><strong>Kompanija tikisi i\u0161 J\u016bs\u0173, jog:<\/strong><br \/>\n&#8211; B\u016bsite i\u0161tikimu kompanijai;<br \/>\n&#8211; Aktyviai dalyvausite komandos veikloje, b\u016bsite aktyvia kompanijos grandimi;<br \/>\n&#8211; Aktyviai dalyvausite u\u017esienio misijose ir vietiniuose konfliktuose;<br \/>\n&#8211; Reprezentuosite kompanij\u0105 visais geriausiais aspektais;<br \/>\n&#8211; Tur\u0117site nuosav\u0105 piln\u0105 ir tvarking\u0105 ekipuot\u0117s komplekt\u0105, nuosav\u0105 ginkluot\u0119;<br \/>\n&#8211; B\u016bsite adekvat\u016bs aplinkai, laikysit\u0117s vie\u0161ai pripa\u017eint\u0173 etikos norm\u0173, b\u016bsite punktual\u016bs ir atsakingi.<\/p>\n<p style=\"text-align: justify;\"><strong>D\u0117mesio ! Kompanija neie\u0161ko kauboj\u0173 ir diletant\u0173.<\/strong><br \/>\nPra\u0161ome atsakingai apsvarstyti savo galimybes ir sugeb\u0117jimus.<br \/>\nD\u0117kojame.<\/p>\n<p style=\"text-align: justify;\"><strong>Kontaktai:<\/strong><br \/>\nHQ (Klaip\u0117da) &#8211;\u00a0\u00a0S8Bustine[eta]gmail.com<br \/>\nVilniaus padalinys &#8211; S8vilnius[eta]gmail.com<\/p>\n<p style=\"text-align: justify;\">Susidom\u0117j\u0119 kandidatai susisiekite su mumis el. pa\u0161tu ir mes Jums atsi\u0173sime u\u017epildyti parai\u0161k\u0105.<\/p>\n<p><\/p>","protected":false},"excerpt":{"rendered":"<p>! D\u0116MESIO ! Airsoft Team SECTION 8 Private Military Company &#8211; spar\u010diai auganti ir perspektyvi\u00a0komanda&#8230;<\/p>\n<div class=\"more-link-wrapper\"><a class=\"more-link\" href=\"https:\/\/s8pmc.lt\/Lt\/join-pmc\/\">Read the post<span class=\"screen-reader-text\">Prisijunkite prie m\u016bs\u0173!<\/span><\/a><\/div>\n","protected":false},"author":2,"featured_media":0,"parent":0,"menu_order":7,"comment_status":"closed","ping_status":"closed","template":"","meta":{"footnotes":""},"class_list":["post-67","page","type-page","status-publish","hentry","excerpt","zoom","full-without-featured","even","excerpt-0"],"_links":{"self":[{"href":"https:\/\/s8pmc.lt\/Lt\/wp-json\/wp\/v2\/pages\/67"}],"collection":[{"href":"https:\/\/s8pmc.lt\/Lt\/wp-json\/wp\/v2\/pages"}],"about":[{"href":"https:\/\/s8pmc.lt\/Lt\/wp-json\/wp\/v2\/types\/page"}],"author":[{"embeddable":true,"href":"https:\/\/s8pmc.lt\/Lt\/wp-json\/wp\/v2\/users\/2"}],"replies":[{"embeddable":true,"href":"https:\/\/s8pmc.lt\/Lt\/wp-json\/wp\/v2\/comments?post=67"}],"version-history":[{"count":0,"href":"https:\/\/s8pmc.lt\/Lt\/wp-json\/wp\/v2\/pages\/67\/revisions"}],"wp:attachment":[{"href":"https:\/\/s8pmc.lt\/Lt\/wp-json\/wp\/v2\/media?parent=67"}],"curies":[{"name":"wp","href":"https:\/\/api.w.org\/{rel}","templated":true}]}}