{"id":6045,"date":"2013-04-15T14:33:41","date_gmt":"2013-04-15T12:33:41","guid":{"rendered":"http:\/\/s8pmc.lt\/?page_id=6045"},"modified":"2015-11-05T13:52:47","modified_gmt":"2015-11-05T11:52:47","slug":"section-8-pmc-international","status":"publish","type":"page","link":"https:\/\/s8pmc.lt\/Lt\/section-8-pmc-international\/","title":{"rendered":"Section 8 PMC"},"content":{"rendered":"<p><\/p>\n<p style=\"text-align: justify;\"><img loading=\"lazy\" decoding=\"async\" class=\"aligncenter size-large wp-image-6056\" title=\"S8 PMC\" src=\"http:\/\/s8pmc.lt\/wp-content\/uploads\/2013\/04\/S8-PMC-1024x257.png\" alt=\"S8 PMC\" width=\"720\" height=\"181\" srcset=\"https:\/\/s8pmc.lt\/wp-content\/uploads\/2013\/04\/S8-PMC-1024x257.png 1024w, https:\/\/s8pmc.lt\/wp-content\/uploads\/2013\/04\/S8-PMC-400x100.png 400w, https:\/\/s8pmc.lt\/wp-content\/uploads\/2013\/04\/S8-PMC.png 1148w\" sizes=\"(max-width: 720px) 100vw, 720px\" \/><\/p>\n<p style=\"text-align: justify;\"><strong>Section 8 PMC<\/strong>\u00a0&#8211; 2010 metais Lietuvoje \u012fkurta airsofto komanda (toliau\u00a0Kompanija), kurios strukt\u016bra\u00a0yra tikr\u0173 karini\u0173 kompanij\u0173 veikimo principu paremtas modelis.<br \/>\nKompanija\u00a0vienija airsofto entuziastus \u2013 \u012fvairaus am\u017eiaus ir profesij\u0173 \u017emon\u0117s, kuriems \u0161is hobis yra neatskiriama gyvenimo dalis.<br \/>\nKompanijos strukt\u016bra yra sudaryta i\u0161 aktyvi\u0173 komandos nari\u0173 \u2013 operatyvinink\u0173 (toliau \u201eOP\u201c) bei pradedan\u010di\u0173j\u0173 \u2013 HRC. Nari\u0173 tip\u0105 reglamentuoja terminuoti kontraktai. Remiantis \u0161iais kontraktais, nustatomos operatyvinink\u0173 teis\u0117s ir prievol\u0117s, skirstomos pareigos.<\/p>\n<p style=\"text-align: justify;\"><strong>PMC<\/strong>\u00a0&#8211; a private military company (privati karin\u0117 kompanija, sukarinta apsaugos darbuotoj\u0173 kompanija, privat\u016bs karo rangovai).<br \/>\n<strong>PMC\u2019s<\/strong>\u00a0\u2013 private military contractors (samdinys, samdomas apsaugos darbuotojas).<\/p>\n<p><\/p>","protected":false},"excerpt":{"rendered":"<p>Section 8 PMC\u00a0&#8211; 2010 metais Lietuvoje \u012fkurta airsofto komanda (toliau\u00a0Kompanija), kurios strukt\u016bra\u00a0yra tikr\u0173 karini\u0173 kompanij\u0173&#8230;<\/p>\n<div class=\"more-link-wrapper\"><a class=\"more-link\" href=\"https:\/\/s8pmc.lt\/Lt\/section-8-pmc-international\/\">Read the post<span class=\"screen-reader-text\">Section 8 PMC<\/span><\/a><\/div>\n","protected":false},"author":2,"featured_media":0,"parent":0,"menu_order":0,"comment_status":"closed","ping_status":"closed","template":"","meta":{"footnotes":""},"class_list":["post-6045","page","type-page","status-publish","hentry","excerpt","zoom","full-without-featured","even","excerpt-0"],"_links":{"self":[{"href":"https:\/\/s8pmc.lt\/Lt\/wp-json\/wp\/v2\/pages\/6045"}],"collection":[{"href":"https:\/\/s8pmc.lt\/Lt\/wp-json\/wp\/v2\/pages"}],"about":[{"href":"https:\/\/s8pmc.lt\/Lt\/wp-json\/wp\/v2\/types\/page"}],"author":[{"embeddable":true,"href":"https:\/\/s8pmc.lt\/Lt\/wp-json\/wp\/v2\/users\/2"}],"replies":[{"embeddable":true,"href":"https:\/\/s8pmc.lt\/Lt\/wp-json\/wp\/v2\/comments?post=6045"}],"version-history":[{"count":4,"href":"https:\/\/s8pmc.lt\/Lt\/wp-json\/wp\/v2\/pages\/6045\/revisions"}],"predecessor-version":[{"id":8652,"href":"https:\/\/s8pmc.lt\/Lt\/wp-json\/wp\/v2\/pages\/6045\/revisions\/8652"}],"wp:attachment":[{"href":"https:\/\/s8pmc.lt\/Lt\/wp-json\/wp\/v2\/media?parent=6045"}],"curies":[{"name":"wp","href":"https:\/\/api.w.org\/{rel}","templated":true}]}}