{"id":57,"date":"2011-04-07T15:26:02","date_gmt":"2011-04-07T13:26:02","guid":{"rendered":"http:\/\/s8pmc.wordpress.com\/?page_id=57"},"modified":"2015-11-05T14:02:51","modified_gmt":"2015-11-05T12:02:51","slug":"airsoft","status":"publish","type":"page","link":"https:\/\/s8pmc.lt\/Lt\/airsoft\/","title":{"rendered":"Airsoft&#8217;as"},"content":{"rendered":"<p><\/p>\n<p style=\"text-align: justify;\"><strong>Airsoftas | \u0160ratasvydis | Straikbolas<\/strong><br \/>\nKiekvienam, bent kiek ragavusiam kario duonos, \u0161is \u017eaidimas daug artimesnis, nes \u017eaid\u017eiama reali\u0173 ginkl\u0173 kopijomis, o ne \u201eraguotais\u201c vamzd\u017eiais su balionais ir kosmonaut\u0173 kauk\u0117mis. Kei\u010diami ne da\u017e\u0173 kamuoliuk\u0173 rezervuarai, o d\u0117tuv\u0117s. \u017daidimo i\u0161takos sietinos su a\u0161tuntojo de\u0161imtme\u010dio Japonija. Po Antrojo pasaulinio karo, u\u017edraudus gaminti kovinius ginklus, Japonija rado originali\u0105 i\u0161eit\u012f kariuomen\u0117s mokymui \u2013 imta gaminti reali\u0173 ginkl\u0173 kopijas, \u0161audan\u010dias ma\u017eais plastikiniais rutuliukais. I\u0161 prad\u017ei\u0173 jie \u0161audydavo tik pavieniais \u0161\u016bviais, tod\u0117l tekdavo po kiekvieno \u0161\u016bvio ginklus pertaisyti, v\u0117liau atsirado suspaust\u0105 or\u0105 (arba dujas) naudojantys ginklai \u2013 jie jau gal\u0117jo \u0161audyti ir serijomis. V\u0117liausiai atsirado elektriniai ginklai, \u0161iuo metu populiariausi ir labiausiai paplit\u0119.<\/p>\n<p style=\"text-align: justify;\"><strong>Taisykl\u0117s<\/strong><br \/>\nStraikbolas yra komandinis \u017eaidimas. J\u012f \u017eaid\u017eiant naudojamos tikr\u0173 ginklus kopijos, \u0161audan\u010dios 6 mm plastikiniais \u0161ratukais (BB). \u0160ratuko mas\u0117 gali b\u016bti \u012fvairi, nuo 0,12 iki 0,43 g. Pataikius nors vienu \u0161ratuku \u012f prie\u0161inink\u0105, jis laikomas nukautu. \u017daidimas grind\u017eiamas S\u0104\u017dININGUMU.<br \/>\nVia\u00a0Airsoft \u00a0Team Lithuania Raccoon<\/p>\n<p style=\"text-align: center;\"><span style=\"text-align: center;\"><iframe loading=\"lazy\" width=\"533\" height=\"400\" src=\"https:\/\/www.youtube.com\/embed\/pCdAY4PicKU?feature=oembed\" frameborder=\"0\" allowfullscreen><\/iframe><\/span><\/p>\n<p style=\"text-align: left;\">Daugiau:<\/p>\n<ul>\n<li><span style=\"color: #000000; font-weight: normal;\"><a href=\"http:\/\/www.airsoftgun.lt\" target=\"_blank\">LSB &#8211; Lietuvos Straikbolo Bendruomen\u0117<\/a><\/span><\/li>\n<li><span style=\"color: #000000; font-weight: normal;\"><a href=\"http:\/\/www.airsoftgun.lt\/invision\/index.php?showtopic=905\" target=\"_blank\">Straikbolo Taisykles<\/a><\/span><\/li>\n<li><span style=\"font-weight: normal;\"><a href=\"http:\/\/www.airsoftgun.lt\/invision\/index.php?showtopic=2299\" target=\"_blank\">Forumo taisykles<\/a><\/span><\/li>\n<li><span style=\"font-weight: normal;\"><a href=\"https:\/\/docs.google.com\/document\/pub?id=1ABuxUsgPhNKz5xK8yWk8gKjCfSK2D873E98OMQ-pyEU&amp;pli=1\" target=\"_blank\">\u017dinynas pradedantiesiems<\/a><\/span><\/li>\n<\/ul>\n<div><\/div>\n<div>\n<h3><a href=\"http:\/\/s8pmc.lt\/wp-content\/uploads\/2011\/04\/aeg-poster.jpg\" rel=\"shadowbox[sbpost-57];player=img;\"><img loading=\"lazy\" decoding=\"async\" class=\"aligncenter\" title=\"AEG-Poster\" src=\"http:\/\/s8pmc.lt\/wp-content\/uploads\/2011\/04\/aeg-poster.jpg\" alt=\"\" width=\"500\" height=\"656\" \/><\/a><\/h3>\n<p><strong>Airsoft&#8217;ini\u0173 ginkl\u0173 tipai:<\/strong><\/p>\n<ol>\n<li>AEG\u00a0&#8211; Automatic Electric Gun &#8211; Visi elektra varomi ginklai (ne pistoletai);<\/li>\n<li>AEP\u00a0&#8211; Automatic Electric Pistol &#8211; Elektra varomi pistoletai;<\/li>\n<li>GBB\u00a0&#8211; Gas Blow Back &#8211; Ginklas naudojantis dujas. \u0160\u016bvio metu slankioja spyna, imituodama kovin\u012f ginkl\u0105;<\/li>\n<li>GNB\u00a0&#8211; Gas No Blow Back &#8211; Ginklas naudojantis dujas. \u0160\u016bvio metu spyna nejuda;<\/li>\n<li>CO2\u00a0&#8211; CO2 duju balionelius naudojantys ginklai;<\/li>\n<li>Spring (\u201cSpringas\u201d)\u00a0&#8211; Spyruokle. Taip pat taikoma ginklam, kuriuos reikia ranka u\u017etaisyti prie\u0161 kiekvien\u0105 \u0161\u016bvi.<\/li>\n<\/ol>\n<p><strong>Amunicija:<\/strong><\/p>\n<ul>\n<li>BB&#8217;s, BB&#8217;sai\u00a0&#8211; 6 mm arba 8 mm sratukai, kuriais \u0161audo visi Airsofte naudojami saunamieji ginklai.<\/li>\n<\/ul>\n<p><strong>Airsoft&#8217;inio ginklo komponentai:<\/strong><\/p>\n<ol>\n<li>Gearbox\u00a0&#8211; Vidine AEG dalis, kurioje yra dantra\u010diai ir pneumatika. Pasitaiko skirtingos versijos &#8211; ver.2 , ver.3 ir t.t.;<\/li>\n<li>Hop-Up\u00a0&#8211; Airsofto \u0161aunamuj\u0173 ginkl\u0173 detal\u0117, atsakinga u\u017e BB&#8217;so i\u0161ukim\u0105 ir skryd\u017eio trajektorij\u0105;<\/li>\n<li>Outer Barrel\u00a0&#8211; I\u0161orinis vamzdis, slepiantis ir saugantis vidin\u012f vamzdel\u012f (Inner Barrel);<\/li>\n<li>Inner Barrel\u00a0&#8211; Vamzdelis, per kur\u012f i\u0161\u0161aunamas BB&#8217;sas;<\/li>\n<li>Precision Barrel arba Tightbore\u00a0&#8211; Ma\u017eesnio kalibro vidinis vamzdelis. Iprastas kalibras 6.08mm, preciziniai da\u017eniausiai b\u016bna 6.04 arba 6.03 kalibro (bet pasitaiko ir kit\u0173 kalibr\u0173).<\/li>\n<\/ol>\n<p><a href=\"https:\/\/docs.google.com\/document\/pub?id=1ABuxUsgPhNKz5xK8yWk8gKjCfSK2D873E98OMQ-pyEU&amp;pli=1\" target=\"_blank\">\u017dinynas pradedantiesiems<\/a><\/p>\n<\/div>\n<p><\/p>","protected":false},"excerpt":{"rendered":"<p>Airsoftas | \u0160ratasvydis | Straikbolas Kiekvienam, bent kiek ragavusiam kario duonos, \u0161is \u017eaidimas daug artimesnis,&#8230;<\/p>\n<div class=\"more-link-wrapper\"><a class=\"more-link\" href=\"https:\/\/s8pmc.lt\/Lt\/airsoft\/\">Read the post<span class=\"screen-reader-text\">Airsoft&#8217;as<\/span><\/a><\/div>\n","protected":false},"author":2,"featured_media":2980,"parent":0,"menu_order":5,"comment_status":"closed","ping_status":"closed","template":"","meta":{"footnotes":""},"class_list":["post-57","page","type-page","status-publish","has-post-thumbnail","hentry","excerpt","zoom","full-without-featured","even","excerpt-0"],"_links":{"self":[{"href":"https:\/\/s8pmc.lt\/Lt\/wp-json\/wp\/v2\/pages\/57"}],"collection":[{"href":"https:\/\/s8pmc.lt\/Lt\/wp-json\/wp\/v2\/pages"}],"about":[{"href":"https:\/\/s8pmc.lt\/Lt\/wp-json\/wp\/v2\/types\/page"}],"author":[{"embeddable":true,"href":"https:\/\/s8pmc.lt\/Lt\/wp-json\/wp\/v2\/users\/2"}],"replies":[{"embeddable":true,"href":"https:\/\/s8pmc.lt\/Lt\/wp-json\/wp\/v2\/comments?post=57"}],"version-history":[{"count":5,"href":"https:\/\/s8pmc.lt\/Lt\/wp-json\/wp\/v2\/pages\/57\/revisions"}],"predecessor-version":[{"id":8659,"href":"https:\/\/s8pmc.lt\/Lt\/wp-json\/wp\/v2\/pages\/57\/revisions\/8659"}],"wp:featuredmedia":[{"embeddable":true,"href":"https:\/\/s8pmc.lt\/Lt\/wp-json\/wp\/v2\/media\/2980"}],"wp:attachment":[{"href":"https:\/\/s8pmc.lt\/Lt\/wp-json\/wp\/v2\/media?parent=57"}],"curies":[{"name":"wp","href":"https:\/\/api.w.org\/{rel}","templated":true}]}}