{"id":5277,"date":"2012-12-19T08:56:16","date_gmt":"2012-12-19T06:56:16","guid":{"rendered":"http:\/\/s8pmc.lt\/?page_id=5277"},"modified":"2015-11-05T12:04:58","modified_gmt":"2015-11-05T10:04:58","slug":"media","status":"publish","type":"page","link":"https:\/\/s8pmc.lt\/Lt\/media\/","title":{"rendered":"Medija"},"content":{"rendered":"<p><\/p>\n<h2>\u010cia mes surinkome nuorodas \u012f m\u016bs\u0173 galerijas:<\/h2>\n<ul>\n<li><a href=\"https:\/\/www.facebook.com\/media\/set\/?set=a.780798391978807.1073741844.217303348328317&amp;type=3\" target=\"_blank\">PAG\u00a0II 2014<\/a><\/li>\n<li><a href=\"https:\/\/www.facebook.com\/media\/set\/?set=a.697056447019669.1073741842.217303348328317&amp;type=3\" target=\"_blank\">Legion Etrangere 2014<\/a><\/li>\n<li><a href=\"https:\/\/www.facebook.com\/media\/set\/?set=a.662025397189441.1073741840.217303348328317&amp;type=3\" target=\"_blank\">Operacija Vasaris 2014<\/a><\/li>\n<li><a href=\"https:\/\/www.facebook.com\/media\/set\/?set=a.601587056566609.1073741837.217303348328317&amp;type=3\" target=\"_blank\">Ekstra \u0161aukimas 2013<\/a><\/li>\n<li><a href=\"https:\/\/www.facebook.com\/media\/set\/?set=a.589687777756537.1073741835.217303348328317&amp;type=3\" target=\"_blank\">Rudeninis \u0161aukimas 2013<\/a><\/li>\n<li><a href=\"https:\/\/www.facebook.com\/media\/set\/?set=a.584960984895883.1073741832.217303348328317&amp;type=3\" target=\"_blank\">Balcan conflict 2013<\/a><\/li>\n<li><a href=\"https:\/\/www.facebook.com\/media\/set\/?set=a.586917511366897.1073741833.217303348328317&amp;type=3\" target=\"_blank\">Stalker 2013<\/a><\/li>\n<li><a href=\"https:\/\/www.facebook.com\/media\/set\/?set=a.562013840523931.1073741830.217303348328317&amp;type=3\" target=\"_blank\">Guantanamo &#8211; South-North 2013<\/a><\/li>\n<li><a href=\"https:\/\/www.facebook.com\/media\/set\/?set=a.514160185309297.1073741826.217303348328317&amp;type=3\" target=\"_blank\">Pavasarinis \u0161aukimas<\/a><\/li>\n<li><a href=\"https:\/\/www.facebook.com\/media\/set\/?set=a.562010330524282.1073741829.217303348328317&amp;type=3\" target=\"_blank\">Talvisota 2013<\/a><\/li>\n<li><a href=\"https:\/\/www.facebook.com\/media\/set\/?set=a.456160654442584.106130.217303348328317&amp;type=1\" target=\"_blank\">Saving private Santa Klaus 2012<\/a><\/li>\n<li><a href=\"https:\/\/www.facebook.com\/media\/set\/?set=a.426356570756326.99784.217303348328317&amp;type=3\" target=\"_blank\">Fog of War 2012<\/a><\/li>\n<li><a href=\"https:\/\/www.facebook.com\/media\/set\/?set=a.433443793380937.101561.217303348328317&amp;type=3\" target=\"_blank\">\u0160ir\u0161i\u0173 lizdas 2012<\/a><\/li>\n<li><a href=\"https:\/\/www.facebook.com\/media\/set\/?set=a.438565079535475.102718.217303348328317&amp;type=3\" target=\"_blank\">Banana Wars IV. Nicaragua 2012<\/a><\/li>\n<li><a href=\"https:\/\/www.facebook.com\/media\/set\/?set=a.417318581660125.97017.217303348328317&amp;type=3\" target=\"_blank\">Darfur II. Flames in south 2012<\/a><\/li>\n<li><a href=\"https:\/\/www.facebook.com\/media\/set\/?set=a.438550289536954.102715.217303348328317&amp;type=3\" target=\"_blank\">Kandahar 2012<\/a><\/li>\n<li><a href=\"https:\/\/www.facebook.com\/media\/set\/?set=a.363473027044681.83861.217303348328317&amp;type=3\" target=\"_blank\">Training Day 2012<\/a><\/li>\n<li><a href=\"https:\/\/www.facebook.com\/media\/set\/?set=a.424099907648659.99204.217303348328317&amp;type=3\" target=\"_blank\">Social Girls 2012<\/a><\/li>\n<li><a href=\"https:\/\/www.facebook.com\/media\/set\/?set=a.394297450628905.89752.217303348328317&amp;type=3\" target=\"_blank\">Airsoft Team Section 8 PMC Lithuania BOOT CAMP 2012<\/a><\/li>\n<li><a href=\"https:\/\/www.facebook.com\/media\/set\/?set=a.418821914843125.97489.217303348328317&amp;type=3\" target=\"_blank\">Panama &#8217;89 2012<\/a><\/li>\n<li><a href=\"https:\/\/www.facebook.com\/media\/set\/?set=a.418837314841585.97490.217303348328317&amp;type=3\" target=\"_blank\">Enter Afghanistan 2012<\/a><\/li>\n<li><a href=\"https:\/\/www.facebook.com\/media\/set\/?set=a.353477021377615.82508.217303348328317&amp;type=3\" target=\"_blank\">Operation Colonel Down 2012<\/a><\/li>\n<li><a href=\"https:\/\/www.facebook.com\/media\/set\/?set=a.455739694484680.106037.217303348328317&amp;type=3\" target=\"_blank\">Kambod\u017ea IV 2011<\/a><\/li>\n<li><a href=\"https:\/\/www.facebook.com\/media\/set\/?set=a.455742191151097.106038.217303348328317&amp;type=3\" target=\"_blank\">Banana Wars II. Honduras 2011<\/a><\/li>\n<li><a href=\"https:\/\/www.facebook.com\/media\/set\/?set=a.423868407671809.99127.217303348328317&amp;type=3\" target=\"_blank\">Banana Wars 2011<\/a><\/li>\n<li><a href=\"https:\/\/www.facebook.com\/media\/set\/?set=a.419734228085227.97783.217303348328317&amp;type=3\" target=\"_blank\">Restore hope II 2010<\/a><\/li>\n<\/ul>\n<p>&#8211;<\/p>\n<h2>Ir video:<\/h2>\n<iframe loading=\"lazy\" title=\"Airsoft Team S8 PMC Winter warm up training\" width=\"500\" height=\"281\" src=\"https:\/\/www.youtube.com\/embed\/BJShkHdME4Y?feature=oembed\" frameborder=\"0\" allow=\"accelerometer; autoplay; clipboard-write; encrypted-media; gyroscope; picture-in-picture; web-share\" referrerpolicy=\"strict-origin-when-cross-origin\" allowfullscreen><\/iframe>\n<iframe loading=\"lazy\" title=\"S8PMC BootCamp 2013 R&amp;R\" width=\"500\" height=\"281\" src=\"https:\/\/www.youtube.com\/embed\/XW0fBmNyaek?feature=oembed\" frameborder=\"0\" allow=\"accelerometer; autoplay; clipboard-write; encrypted-media; gyroscope; picture-in-picture; web-share\" referrerpolicy=\"strict-origin-when-cross-origin\" allowfullscreen><\/iframe>\n<p><iframe loading=\"lazy\" title=\"S8PMC BootCamp 2013 Ambush\" width=\"500\" height=\"281\" src=\"https:\/\/www.youtube.com\/embed\/bcfK-QG6zg8?feature=oembed\" frameborder=\"0\" allow=\"accelerometer; autoplay; clipboard-write; encrypted-media; gyroscope; picture-in-picture; web-share\" referrerpolicy=\"strict-origin-when-cross-origin\" allowfullscreen><\/iframe><\/p>","protected":false},"excerpt":{"rendered":"<p>\u010cia mes surinkome nuorodas \u012f m\u016bs\u0173 galerijas: PAG\u00a0II 2014 Legion Etrangere 2014 Operacija Vasaris 2014&#8230;<\/p>\n<div class=\"more-link-wrapper\"><a class=\"more-link\" href=\"https:\/\/s8pmc.lt\/Lt\/media\/\">Read the post<span class=\"screen-reader-text\">Medija<\/span><\/a><\/div>\n","protected":false},"author":2,"featured_media":0,"parent":0,"menu_order":0,"comment_status":"closed","ping_status":"closed","template":"","meta":{"footnotes":""},"class_list":["post-5277","page","type-page","status-publish","hentry","excerpt","zoom","full-without-featured","even","excerpt-0"],"_links":{"self":[{"href":"https:\/\/s8pmc.lt\/Lt\/wp-json\/wp\/v2\/pages\/5277"}],"collection":[{"href":"https:\/\/s8pmc.lt\/Lt\/wp-json\/wp\/v2\/pages"}],"about":[{"href":"https:\/\/s8pmc.lt\/Lt\/wp-json\/wp\/v2\/types\/page"}],"author":[{"embeddable":true,"href":"https:\/\/s8pmc.lt\/Lt\/wp-json\/wp\/v2\/users\/2"}],"replies":[{"embeddable":true,"href":"https:\/\/s8pmc.lt\/Lt\/wp-json\/wp\/v2\/comments?post=5277"}],"version-history":[{"count":1,"href":"https:\/\/s8pmc.lt\/Lt\/wp-json\/wp\/v2\/pages\/5277\/revisions"}],"predecessor-version":[{"id":8633,"href":"https:\/\/s8pmc.lt\/Lt\/wp-json\/wp\/v2\/pages\/5277\/revisions\/8633"}],"wp:attachment":[{"href":"https:\/\/s8pmc.lt\/Lt\/wp-json\/wp\/v2\/media?parent=5277"}],"curies":[{"name":"wp","href":"https:\/\/api.w.org\/{rel}","templated":true}]}}