{"id":4494,"date":"2012-12-05T09:05:25","date_gmt":"2012-12-05T07:05:25","guid":{"rendered":"http:\/\/s8pmc.lt\/?page_id=4494"},"modified":"2017-04-28T08:30:17","modified_gmt":"2017-04-28T06:30:17","slug":"project","status":"publish","type":"page","link":"https:\/\/s8pmc.lt\/Lt\/project\/","title":{"rendered":"Projektas"},"content":{"rendered":"<p>&nbsp;<\/p>\n<p style=\"text-align: justify;\">\u0160iame puslapyje mes pristatome savo airsofto komand\u0105 &#8211; Section 8 PMC, dalinam\u0117s airsofto naujienomis, skelbiame \u017eaidimus, j\u0173 ap\u017evalgas, taip pat testuojame ir vertiname su \u0161iuo hobiu susijusi\u0105 \u012frang\u0105.<\/p>\n<p style=\"text-align: justify;\">\u0160io projekto tikslas supa\u017eindinti\u00a0visuomen\u0119\u00a0su airsoftu (\u0161ratasvyd\u017eiu &#8211; Liet.),\u00a0populiarinti j\u012f vie\u0161oje erdv\u0117je, pristatyti ir\u00a0populiarinti\u00a0komand\u0105 Section 8 PMC.<\/p>\n<p style=\"text-align: justify;\">\u0160iame puslapyje mes ra\u0161ome su \u0161iuo hobiu susijusios \u012frangos ap\u017evalgas &#8211; j\u0105 testuojame lauko s\u0105lygomis, ardome, lyginame., tada pateikiame savo vertinim\u0105.<\/p>\n<p>Jei norite, kad ap\u017evelgtume konkret\u0173 produkt\u0105, pra\u0161ome susisiekite su mumis el. pa\u0161tu &#8211;\u00a0S8PMCBlog[eta]gmail.com.<\/p>\n<p>Jei esate \u012frangos gamintojas ar platintojas ir norite, jog tikslingai i\u0161bandytume j\u016bs\u0173 produkt\u0105 ir para\u0161ytume jos ap\u017evalg\u0105, pra\u0161ome \u00a0taip pat susisiekti su mumis el. pa\u0161tu &#8211;\u00a0S8PMCBlog[eta]gmail.com.<\/p>","protected":false},"excerpt":{"rendered":"<p>&nbsp; \u0160iame puslapyje mes pristatome savo airsofto komand\u0105 &#8211; Section 8 PMC, dalinam\u0117s airsofto naujienomis,&#8230;<\/p>\n<div class=\"more-link-wrapper\"><a class=\"more-link\" href=\"https:\/\/s8pmc.lt\/Lt\/project\/\">Read the post<span class=\"screen-reader-text\">Projektas<\/span><\/a><\/div>\n","protected":false},"author":2,"featured_media":4502,"parent":0,"menu_order":0,"comment_status":"closed","ping_status":"closed","template":"","meta":{"footnotes":""},"class_list":["post-4494","page","type-page","status-publish","has-post-thumbnail","hentry","excerpt","zoom","full-without-featured","even","excerpt-0"],"_links":{"self":[{"href":"https:\/\/s8pmc.lt\/Lt\/wp-json\/wp\/v2\/pages\/4494"}],"collection":[{"href":"https:\/\/s8pmc.lt\/Lt\/wp-json\/wp\/v2\/pages"}],"about":[{"href":"https:\/\/s8pmc.lt\/Lt\/wp-json\/wp\/v2\/types\/page"}],"author":[{"embeddable":true,"href":"https:\/\/s8pmc.lt\/Lt\/wp-json\/wp\/v2\/users\/2"}],"replies":[{"embeddable":true,"href":"https:\/\/s8pmc.lt\/Lt\/wp-json\/wp\/v2\/comments?post=4494"}],"version-history":[{"count":6,"href":"https:\/\/s8pmc.lt\/Lt\/wp-json\/wp\/v2\/pages\/4494\/revisions"}],"predecessor-version":[{"id":8781,"href":"https:\/\/s8pmc.lt\/Lt\/wp-json\/wp\/v2\/pages\/4494\/revisions\/8781"}],"wp:featuredmedia":[{"embeddable":true,"href":"https:\/\/s8pmc.lt\/Lt\/wp-json\/wp\/v2\/media\/4502"}],"wp:attachment":[{"href":"https:\/\/s8pmc.lt\/Lt\/wp-json\/wp\/v2\/media?parent=4494"}],"curies":[{"name":"wp","href":"https:\/\/api.w.org\/{rel}","templated":true}]}}