{"id":205,"date":"2011-04-08T10:14:08","date_gmt":"2011-04-08T08:14:08","guid":{"rendered":"http:\/\/s8pmc.wordpress.com\/?page_id=205"},"modified":"2013-12-04T14:24:53","modified_gmt":"2013-12-04T12:24:53","slug":"pmc-leader-hunt","status":"publish","type":"page","link":"https:\/\/s8pmc.lt\/Lt\/pmc-leader-hunt\/","title":{"rendered":"PMC Lyderi\u0173 med\u017eiokl\u0117!"},"content":{"rendered":"<p><\/p>\n<div><\/div>\n<div style=\"text-align: left;\"><a href=\"http:\/\/s8pmc.lt\/wp-content\/uploads\/2011\/04\/Leader-Hunt.png\" rel=\"shadowbox[sbpost-205];player=img;\"><img loading=\"lazy\" decoding=\"async\" class=\"aligncenter size-medium wp-image-6113\" title=\"Leader Hunt\" alt=\"Leader Hunt\" src=\"http:\/\/s8pmc.lt\/wp-content\/uploads\/2011\/04\/Leader-Hunt-520x260.png\" width=\"400\" height=\"200\" \/><\/a><\/div>\n<div style=\"text-align: left;\">\n<div>\n<div style=\"text-align: justify;\">\n<p><strong><strong>! D\u0116MESIO !<br \/>\n<\/strong><\/strong>Section 8 PMC skelbia lyderi\u0173 med\u017eiokl\u0119! \u0160iuo metu yra nema\u017eai norin\u010di\u0173 prisijungti prie PMC projekto, ta\u010diau, aktyviai ie\u0161kome patyrusi\u0173 komandos lyderi\u0173. Lyderiai turi b\u016bt\u012f s\u0105\u017einingi, iniciatyv\u016bs ir atsakingi, galintys ir norintys aplink save formuoti samdini\u0173 grupes. Visi Section 8 PMC padaliniai veikia fran\u010dizes principu su centralizuota b\u016bstine.<\/p>\n<\/div>\n<\/div>\n<div>\n<p style=\"text-align: justify;\">Bendrieji reikalavimai \u010dia &#8211; \u00a0<a title=\"Join\u00a0PMC!\" href=\"http:\/\/s8pmc.lt\/join-pmc\/\" target=\"_blank\">Join PMC!<\/a><\/p>\n<p style=\"text-align: justify;\">Jei turite klausim\u0173 kreipkit\u0117s\u00a0\u00a0el. pa\u0161tu &#8211; S8Bustine[eta]gmail.com<\/p>\n<p style=\"text-align: justify;\"><strong><strong>Susidom\u0117j\u0119 kandidatai \u012f lyderi\u0173 pozicijas u\u017epildykite \u0161i\u0105<\/strong>\u00a0<\/strong><strong><a href=\"https:\/\/docs.google.com\/spreadsheet\/embeddedform?formkey=dGJiWGZkemo3R3hTMVhqdExJOFFobGc6MQ\" target=\"_blank\">FORM\u0104<\/a><\/strong><strong>.<\/strong>\u00a0<strong>Susisieksime per savait\u0119.<\/strong><\/p>\n<\/div>\n<\/div>\n<p><\/p>","protected":false},"excerpt":{"rendered":"<p>! D\u0116MESIO ! Section 8 PMC skelbia lyderi\u0173 med\u017eiokl\u0119! \u0160iuo metu yra nema\u017eai norin\u010di\u0173 prisijungti&#8230;<\/p>\n<div class=\"more-link-wrapper\"><a class=\"more-link\" href=\"https:\/\/s8pmc.lt\/Lt\/pmc-leader-hunt\/\">Read the post<span class=\"screen-reader-text\">PMC Lyderi\u0173 med\u017eiokl\u0117!<\/span><\/a><\/div>\n","protected":false},"author":2,"featured_media":0,"parent":0,"menu_order":0,"comment_status":"closed","ping_status":"closed","template":"","meta":{"footnotes":""},"class_list":["post-205","page","type-page","status-publish","hentry","excerpt","zoom","full-without-featured","even","excerpt-0"],"_links":{"self":[{"href":"https:\/\/s8pmc.lt\/Lt\/wp-json\/wp\/v2\/pages\/205","targetHints":{"allow":["GET"]}}],"collection":[{"href":"https:\/\/s8pmc.lt\/Lt\/wp-json\/wp\/v2\/pages"}],"about":[{"href":"https:\/\/s8pmc.lt\/Lt\/wp-json\/wp\/v2\/types\/page"}],"author":[{"embeddable":true,"href":"https:\/\/s8pmc.lt\/Lt\/wp-json\/wp\/v2\/users\/2"}],"replies":[{"embeddable":true,"href":"https:\/\/s8pmc.lt\/Lt\/wp-json\/wp\/v2\/comments?post=205"}],"version-history":[{"count":0,"href":"https:\/\/s8pmc.lt\/Lt\/wp-json\/wp\/v2\/pages\/205\/revisions"}],"wp:attachment":[{"href":"https:\/\/s8pmc.lt\/Lt\/wp-json\/wp\/v2\/media?parent=205"}],"curies":[{"name":"wp","href":"https:\/\/api.w.org\/{rel}","templated":true}]}}