{"id":196,"date":"2011-04-08T10:08:26","date_gmt":"2011-04-08T08:08:26","guid":{"rendered":"http:\/\/s8pmc.wordpress.com\/?page_id=196"},"modified":"2015-11-05T13:51:35","modified_gmt":"2015-11-05T11:51:35","slug":"pmc-klaipeda","status":"publish","type":"page","link":"https:\/\/s8pmc.lt\/Lt\/pmc-klaipeda\/","title":{"rendered":"PMC Klaip\u0117da"},"content":{"rendered":"<p><\/p>\n<div><img loading=\"lazy\" decoding=\"async\" class=\"aligncenter wp-image-6084\" title=\"S8 PMC Lt Klaipeda\" src=\"http:\/\/s8pmc.lt\/wp-content\/uploads\/2011\/04\/S8-PMC-Lt-Klaipeda-640x161.png\" alt=\"S8 PMC Lt Klaipeda\" width=\"576\" height=\"145\" \/><\/div>\n<div><\/div>\n<div style=\"text-align: justify;\"><strong style=\"text-align: justify;\">Section 8 PMC Klaip\u0117da<\/strong><span style=\"text-align: justify;\">\u00a0&#8211; S8 PMC Kompanijos padalinys Klaip\u0117doje. Tai komandos gimtin\u0117 ir administracinis centras. Komanda \u012fkurta 2010 m. sujungus du projektus, kurie kartu sutv\u0117r\u0117\u00a0pirm\u0105j\u0105\u00a0PMC komand\u0105 Lietuvoje. Komandos OP\u00a0vienija\u00a0ne tik m\u0117gstamas hobis, pasi\u0161ventimas komandai, bet ir laisvalaikis. Kai kurie j\u0173 kartu u\u017eaug\u0119, kiti &#8211; kartu tarnav\u0119.<\/span><\/div>\n<div style=\"text-align: justify;\">\n<p style=\"text-align: justify;\">Didelis ir aktyvus komandos branduolys leid\u017eia rengti reguliarias treniruotes, efektyviai ir da\u017enai dalyvauti \u017eaidimuose pilna sud\u0117timi.<br \/>\nOficial\u016bs \u0161io padalinio atstovai Uno ir GreyWolf. \u00a0Detalesn\u012f padalinio nari\u0173\u00a0s\u0105ra\u0161\u0105 rasite\u00a0\u00a0skiltyje\u00a0<em>Aktyv\u016bs OP\u00a0<\/em>ir\u00a0<em>Kandidatai.<\/em><\/p>\n<p style=\"text-align: justify;\"><strong>Kontaktai:<\/strong><br \/>\nHQ (Klaip\u0117da) &#8211;\u00a0\u00a0S8Bustine[eta]gmail.com<br \/>\nSusidom\u0117j\u0119 kandidatai susisiekite su mumis el. pa\u0161tu ir mes Jums atsi\u0173sime u\u017epildyti parai\u0161k\u0105.<\/p>\n<p style=\"text-align: justify;\">\n<\/div>\n<p><\/p>","protected":false},"excerpt":{"rendered":"<p>Section 8 PMC Klaip\u0117da\u00a0&#8211; S8 PMC Kompanijos padalinys Klaip\u0117doje. Tai komandos gimtin\u0117 ir administracinis centras.&#8230;<\/p>\n<div class=\"more-link-wrapper\"><a class=\"more-link\" href=\"https:\/\/s8pmc.lt\/Lt\/pmc-klaipeda\/\">Read the post<span class=\"screen-reader-text\">PMC Klaip\u0117da<\/span><\/a><\/div>\n","protected":false},"author":2,"featured_media":0,"parent":0,"menu_order":0,"comment_status":"closed","ping_status":"closed","template":"","meta":{"footnotes":""},"class_list":["post-196","page","type-page","status-publish","hentry","excerpt","zoom","full-without-featured","even","excerpt-0"],"_links":{"self":[{"href":"https:\/\/s8pmc.lt\/Lt\/wp-json\/wp\/v2\/pages\/196"}],"collection":[{"href":"https:\/\/s8pmc.lt\/Lt\/wp-json\/wp\/v2\/pages"}],"about":[{"href":"https:\/\/s8pmc.lt\/Lt\/wp-json\/wp\/v2\/types\/page"}],"author":[{"embeddable":true,"href":"https:\/\/s8pmc.lt\/Lt\/wp-json\/wp\/v2\/users\/2"}],"replies":[{"embeddable":true,"href":"https:\/\/s8pmc.lt\/Lt\/wp-json\/wp\/v2\/comments?post=196"}],"version-history":[{"count":3,"href":"https:\/\/s8pmc.lt\/Lt\/wp-json\/wp\/v2\/pages\/196\/revisions"}],"predecessor-version":[{"id":8650,"href":"https:\/\/s8pmc.lt\/Lt\/wp-json\/wp\/v2\/pages\/196\/revisions\/8650"}],"wp:attachment":[{"href":"https:\/\/s8pmc.lt\/Lt\/wp-json\/wp\/v2\/media?parent=196"}],"curies":[{"name":"wp","href":"https:\/\/api.w.org\/{rel}","templated":true}]}}