{"id":1738,"date":"2011-10-10T10:15:44","date_gmt":"2011-10-10T08:15:44","guid":{"rendered":"http:\/\/s8pmc.wordpress.com\/?page_id=1738"},"modified":"2015-11-05T13:52:16","modified_gmt":"2015-11-05T11:52:16","slug":"pmc-vilnius","status":"publish","type":"page","link":"https:\/\/s8pmc.lt\/Lt\/pmc-vilnius\/","title":{"rendered":"PMC Vilnius"},"content":{"rendered":"<p><\/p>\n<p style=\"text-align: center;\"><img loading=\"lazy\" decoding=\"async\" class=\"aligncenter wp-image-6086\" title=\"S8 PMC Lt Vilnius\" src=\"http:\/\/s8pmc.lt\/wp-content\/uploads\/2011\/10\/S8-PMC-Lt-Vilnius-640x161.png\" alt=\"S8 PMC Lt Vilnius\" width=\"576\" height=\"145\" \/><\/p>\n<p style=\"text-align: justify;\"><strong style=\"text-align: justify;\">Section 8 PMC Vilnius<\/strong><span style=\"text-align: justify;\"> &#8211; augantis ir aktyvus S8 PMC Kompanijos padalinys Vilniuje. Dideliuose\u00a0\u017eaidimuose Klaip\u0117dos ir Vilniaus PMC susijungia ir veikia kaip vienas darnus b\u016brys. Atskiruose \u017eaidimuose i\u0161did\u017eiai atstovauja Section 8 PMC komand\u0105. \u0160io padalinio nariai\u00a0prijungia\u00a0prie bendr\u0173 centralizuot\u0173 treniruo\u010di\u0173 (PMC BootCamp) ir apmokym\u0173 Klaip\u0117doje. Atskiras treniruotes vykdo Vilniuje.<\/span><\/p>\n<p style=\"text-align: justify;\">Oficialus \u0161io padalinio atstovas Gerb. J.J. Simpsonas. \u00a0Detalesn\u012f padalinio nari\u0173\u00a0s\u0105ra\u0161\u0105 rasite\u00a0\u00a0skiltyje <em>Aktyv\u016bs OP<\/em> ir <em>Kandidatai.<\/em><\/p>\n<p style=\"text-align: justify;\"><strong>Kontaktai:<br \/>\n<\/strong>Vilniaus padalinys &#8211; S8vilnius[eta]gmail.com<br \/>\nSusidom\u0117j\u0119 kandidatai susisiekite su mumis el. pa\u0161tu ir mes Jums atsi\u0173sime u\u017epildyti parai\u0161k\u0105.<\/p>\n<p><\/p>","protected":false},"excerpt":{"rendered":"<p>Section 8 PMC Vilnius &#8211; augantis ir aktyvus S8 PMC Kompanijos padalinys Vilniuje. Dideliuose\u00a0\u017eaidimuose Klaip\u0117dos&#8230;<\/p>\n<div class=\"more-link-wrapper\"><a class=\"more-link\" href=\"https:\/\/s8pmc.lt\/Lt\/pmc-vilnius\/\">Read the post<span class=\"screen-reader-text\">PMC Vilnius<\/span><\/a><\/div>\n","protected":false},"author":2,"featured_media":0,"parent":0,"menu_order":0,"comment_status":"closed","ping_status":"closed","template":"","meta":{"footnotes":""},"class_list":["post-1738","page","type-page","status-publish","hentry","excerpt","zoom","full-without-featured","even","excerpt-0"],"_links":{"self":[{"href":"https:\/\/s8pmc.lt\/Lt\/wp-json\/wp\/v2\/pages\/1738"}],"collection":[{"href":"https:\/\/s8pmc.lt\/Lt\/wp-json\/wp\/v2\/pages"}],"about":[{"href":"https:\/\/s8pmc.lt\/Lt\/wp-json\/wp\/v2\/types\/page"}],"author":[{"embeddable":true,"href":"https:\/\/s8pmc.lt\/Lt\/wp-json\/wp\/v2\/users\/2"}],"replies":[{"embeddable":true,"href":"https:\/\/s8pmc.lt\/Lt\/wp-json\/wp\/v2\/comments?post=1738"}],"version-history":[{"count":2,"href":"https:\/\/s8pmc.lt\/Lt\/wp-json\/wp\/v2\/pages\/1738\/revisions"}],"predecessor-version":[{"id":8651,"href":"https:\/\/s8pmc.lt\/Lt\/wp-json\/wp\/v2\/pages\/1738\/revisions\/8651"}],"wp:attachment":[{"href":"https:\/\/s8pmc.lt\/Lt\/wp-json\/wp\/v2\/media?parent=1738"}],"curies":[{"name":"wp","href":"https:\/\/api.w.org\/{rel}","templated":true}]}}